 
 
 
 
 
 
 
 
 
 
 
 
 
 
 
 
 
 
 
 
 
 
 
 
 
 
 
 
 
 
 
 
 
 
 
 
 
 
 
 
 
 
 
 
 
 
 
 
 
 
 
 
 
 
 
 
 
 
 
 
 
 
 
 
 
 
 
 
 
 
 
 
 
 
 
 
 
 
 
 
 
 
 
 
 
 
 
 
 
 
 
 
 
 
 
 
 
 
 
 
 
 
 
 
 
 
 
 
 
 
 
 
 
 
 
 
 
 
 
 
 
 
 
 
 
 
 
 
 
 
 
 
 
 
 
 
 
 
 
 
 
 
 
 
 
 
 
 
 
 
 
 
 
 
 
 
 
 
 
 
 
 
 
 
 
 
 
 
 
 
 
 
 
 
 
 
 
 
 
 
 
 
 
 
 
 
 
 
 
 
 
 
 
 
 
 
 
 
 
 
 
 
 
 
 
 
 
 
 
 
 
 
 
 
 
 
 
 
 
 
 
 
 
 
 
 
 
 
 
 
 
 
 
 
 
 
 
 
 
 
 
 
 
 
 
 
 
 
 
 
 
 
 
 
 
 
 
 
 
 
 
 
 
 
 
 
 
 
 
 
 
 
 
 
 
 
 
 
 
 
 
 
 
 
 
 
 
 
 
 
 
 
 
 
 
 
 
 
 
 
 
 
 
 
 
 
 
 
 
 
 
 
 
 
 
 
 
 
 
 
 
 
 
 
 
 
 
 
 
 
 
 
 
 
 
 
 
 
 
 
 
 
 
 
 
 
 
 
 
 
 
 
 
 
 
 
 
 
 
 
 
 
 
 
 
 
 
 
 
 
 
 
 
 
 
 
 
 
 
 
 
 
 
 
 
 
 
 
 
 
 
 
 
 
 
 
 
 
 
 
 
 
 
 
 
 
 
 
 
 
 
 
 
 
 
 
 
 
 
 
 
 
 
 
 
 
 
 
 
 
 
 
 
 
 
 
 
 
 
 
 
 
 
 
 
 
 
 
 
 
 
 
 
 
 
 
 
 
 
 
 
 
 
 
 
 
 
 
 
 
 
 
 
 
 
 
 
 
 
 
 
 
 
 
 
 
 
 
 
 
 
 
 
 
 
 
 
 
 
 
 
 
 
 
 
 
 
 
 
 
 
 
 
 
 
 
 
 
 
 
 
 
 
 
 
 
 
 
 
 
 
 
 
 
 
 
 
 
 
 
 
 
{"id":13713,"date":"2023-06-28T15:26:13","date_gmt":"2023-06-28T13:26:13","guid":{"rendered":"https:\/\/poeticstay.com\/cancellation-and-refund\/"},"modified":"2024-04-10T16:58:21","modified_gmt":"2024-04-10T14:58:21","slug":"cancellation-and-refund","status":"publish","type":"page","link":"https:\/\/poeticstay.com\/en\/cancellation-and-refund\/","title":{"rendered":"Cancellation and refund"},"content":{"rendered":"\t\t<div data-elementor-type=\"wp-page\" data-elementor-id=\"13713\" class=\"elementor elementor-13713 elementor-10676\">\r\n\t\t\t\t\t\t<section class=\"elementor-section elementor-top-section elementor-element elementor-element-267dc619 elementor-section-boxed elementor-section-height-default elementor-section-height-default\" data-id=\"267dc619\" data-element_type=\"section\">\r\n\t\t\t\t\t\t<div class=\"elementor-container elementor-column-gap-default\">\r\n\t\t\t\t\t<div class=\"elementor-column elementor-col-100 elementor-top-column elementor-element elementor-element-46a6d651\" data-id=\"46a6d651\" data-element_type=\"column\">\r\n\t\t\t<div class=\"elementor-widget-wrap elementor-element-populated\">\r\n\t\t\t\t\t\t<section class=\"elementor-section elementor-inner-section elementor-element elementor-element-5fb411a0 elementor-section-boxed elementor-section-height-default elementor-section-height-default\" data-id=\"5fb411a0\" data-element_type=\"section\">\r\n\t\t\t\t\t\t<div class=\"elementor-container elementor-column-gap-default\">\r\n\t\t\t\t\t<div class=\"elementor-column elementor-col-50 elementor-inner-column elementor-element elementor-element-59ca119d\" data-id=\"59ca119d\" data-element_type=\"column\">\r\n\t\t\t<div class=\"elementor-widget-wrap elementor-element-populated\">\r\n\t\t\t\t\t\t<div class=\"elementor-element elementor-element-17cea405 elementor-widget__width-auto elementor-widget elementor-widget-hub_fancy_heading\" data-id=\"17cea405\" data-element_type=\"widget\" data-widget_type=\"hub_fancy_heading.default\">\r\n\t\t\t\t<div class=\"elementor-widget-container\">\r\n\t\t\t\t\t\r\n\t\t<div id=\"ld-fancy-heading-6a086231f1c07\" class=\"ld-fancy-heading pos-rel\">\r\n\t\t\t<h6 class=\"ld-fh-element d-inline-block pos-rel  elementor-heading-title lqd-highlight-classic lqd-highlight-grow-left h6\"  > CONDITIONS<\/h6>\t\t<\/div>\r\n\r\n\t\t\t\t\t\t<\/div>\r\n\t\t\t\t<\/div>\r\n\t\t\t\t<div class=\"elementor-element elementor-element-b2734c9 elementor-widget elementor-widget-hub_fancy_heading\" data-id=\"b2734c9\" data-element_type=\"widget\" data-widget_type=\"hub_fancy_heading.default\">\r\n\t\t\t\t<div class=\"elementor-widget-container\">\r\n\t\t\t\t\t\r\n\t\t<div id=\"ld-fancy-heading-6a086231f1ebf\" class=\"ld-fancy-heading pos-rel\">\r\n\t\t\t<h1 class=\"ld-fh-element d-inline-block pos-rel  elementor-heading-title lqd-highlight-classic lqd-highlight-grow-left h4\"  > cancellation and <\/br> refund<\/h1>\t\t<\/div>\r\n\r\n\t\t\t\t\t\t<\/div>\r\n\t\t\t\t<\/div>\r\n\t\t\t\t\t<\/div>\r\n\t\t<\/div>\r\n\t\t\t\t<div class=\"elementor-column elementor-col-50 elementor-inner-column elementor-element elementor-element-5e91c9d1\" data-id=\"5e91c9d1\" data-element_type=\"column\">\r\n\t\t\t<div class=\"elementor-widget-wrap elementor-element-populated\">\r\n\t\t\t\t\t\t<div class=\"elementor-element elementor-element-445bc807 elementor-widget elementor-widget-hub_fancy_heading\" data-id=\"445bc807\" data-element_type=\"widget\" data-widget_type=\"hub_fancy_heading.default\">\r\n\t\t\t\t<div class=\"elementor-widget-container\">\r\n\t\t\t\t\t\r\n\t\t<div id=\"ld-fancy-heading-6a086231f20f5\" class=\"ld-fancy-heading pos-rel\">\r\n\t\t\t<p class=\"ld-fh-element d-inline-block pos-rel  lqd-highlight-classic lqd-highlight-grow-left p\"  > This page summarizes PoeticStay's cancellation and refund policy.<\/p>\t\t<\/div>\r\n\r\n\t\t\t\t\t\t<\/div>\r\n\t\t\t\t<\/div>\r\n\t\t\t\t\t<\/div>\r\n\t\t<\/div>\r\n\t\t\t\t\t<\/div>\r\n\t\t<\/section>\r\n\t\t\t\t\t<\/div>\r\n\t\t<\/div>\r\n\t\t\t\t\t<\/div>\r\n\t\t<\/section>\r\n\t\t\t\t<section data-section-luminosity=\"dark\" class=\"elementor-section elementor-top-section elementor-element elementor-element-f1e7939 elementor-section-boxed elementor-section-height-default elementor-section-height-default\" data-id=\"f1e7939\" data-element_type=\"section\" data-settings=\"{&quot;background_background&quot;:&quot;classic&quot;}\">\r\n\t\t\t\t\t\t<div class=\"elementor-container elementor-column-gap-default\">\r\n\t\t\t\t\t<div class=\"elementor-column elementor-col-100 elementor-top-column elementor-element elementor-element-767f09b5\" data-id=\"767f09b5\" data-element_type=\"column\">\r\n\t\t\t<div class=\"elementor-widget-wrap\">\r\n\t\t\t\t\t\t\t<\/div>\r\n\t\t<\/div>\r\n\t\t\t\t\t<\/div>\r\n\t\t<\/section>\r\n\t\t\t\t<section data-custom-animations=\"true\" data-ca-options=\"{&quot;addChildTimelines&quot;:false,&quot;animationTarget&quot;:&quot;:scope &gt; .elementor-container &gt; .elementor-column&quot;,&quot;ease&quot;:[&quot;power4.out&quot;],&quot;initValues&quot;:{&quot;y&quot;:&quot;30px&quot;,&quot;opacity&quot;:0},&quot;animations&quot;:{&quot;y&quot;:&quot;0px&quot;,&quot;opacity&quot;:1}}\" class=\"elementor-section elementor-top-section elementor-element elementor-element-a64565b elementor-section-boxed elementor-section-height-default elementor-section-height-default\" data-id=\"a64565b\" data-element_type=\"section\">\r\n\t\t\t\t\t\t<div class=\"elementor-container elementor-column-gap-default\">\r\n\t\t\t\t\t<div data-animated-borders=\"1\" class=\"elementor-column elementor-col-100 elementor-top-column elementor-element elementor-element-6c84902a\" data-id=\"6c84902a\" data-element_type=\"column\" data-settings=\"{&quot;background_background&quot;:&quot;classic&quot;}\">\r\n\t\t\t<div class=\"elementor-widget-wrap elementor-element-populated\">\r\n\t\t\t\t\t\t<div class=\"elementor-element elementor-element-3848a488 elementor-widget__width-auto elementor-widget elementor-widget-hub_fancy_heading\" data-id=\"3848a488\" data-element_type=\"widget\" data-widget_type=\"hub_fancy_heading.default\">\r\n\t\t\t\t<div class=\"elementor-widget-container\">\r\n\t\t\t\t\t\r\n\t\t<div id=\"ld-fancy-heading-6a086231f231d\" class=\"ld-fancy-heading pos-rel\">\r\n\t\t\t\t\t<\/div>\r\n\r\n\t\t\t\t\t\t<\/div>\r\n\t\t\t\t<\/div>\r\n\t\t\t\t<div class=\"elementor-element elementor-element-6db86e97 elementor-widget__width-auto elementor-widget elementor-widget-hub_fancy_heading\" data-id=\"6db86e97\" data-element_type=\"widget\" data-widget_type=\"hub_fancy_heading.default\">\r\n\t\t\t\t<div class=\"elementor-widget-container\">\r\n\t\t\t\t\t\r\n\t\t<div id=\"ld-fancy-heading-6a086231f24f9\" class=\"ld-fancy-heading pos-rel\">\r\n\t\t\t\t\t<\/div>\r\n\r\n\t\t\t\t\t\t<\/div>\r\n\t\t\t\t<\/div>\r\n\t\t\t\t\t<\/div>\r\n\t\t<\/div>\r\n\t\t\t\t<div class=\"elementor-column elementor-col-100 elementor-top-column elementor-element elementor-element-72604463\" data-id=\"72604463\" data-element_type=\"column\">\r\n\t\t\t<div class=\"elementor-widget-wrap elementor-element-populated\">\r\n\t\t\t\t\t\t<div class=\"elementor-element elementor-element-5110d319 elementor-widget elementor-widget-hub_fancy_heading\" data-id=\"5110d319\" data-element_type=\"widget\" data-widget_type=\"hub_fancy_heading.default\">\r\n\t\t\t\t<div class=\"elementor-widget-container\">\r\n\t\t\t\t\t\r\n\t\t<div id=\"ld-fancy-heading-6a086231f26eb\" class=\"ld-fancy-heading pos-rel\">\r\n\t\t\t<h2 class=\"ld-fh-element d-inline-block pos-rel  elementor-heading-title lqd-highlight-classic lqd-highlight-grow-left h2\"  > Peace of mind<\/h2>\t\t<\/div>\r\n\r\n\t\t\t\t\t\t<\/div>\r\n\t\t\t\t<\/div>\r\n\t\t\t\t<div class=\"elementor-element elementor-element-5acb11f elementor-widget elementor-widget-hub_fancy_heading\" data-id=\"5acb11f\" data-element_type=\"widget\" data-widget_type=\"hub_fancy_heading.default\">\r\n\t\t\t\t<div class=\"elementor-widget-container\">\r\n\t\t\t\t\t\r\n\t\t<div id=\"ld-fancy-heading-6a086231f28df\" class=\"ld-fancy-heading pos-rel\">\r\n\t\t\t<p class=\"ld-fh-element d-inline-block pos-rel  lqd-highlight-classic lqd-highlight-grow-left p\"  > We have implemented a series of measures to reassure you when booking with us, so you can focus on your vacation. If an unforeseen event occurs, we make every effort to help you cancel your trip under the best possible conditions. However, for contractual reasons, we unfortunately cannot always guarantee a full refund. Therefore, we encourage you to carefully read the following cancellation policy so that you can make informed decisions and comply with the deadlines. This document is part of our efforts to be clear and transparent. Its purpose is to describe, as clearly as possible, the procedures and deadlines to follow in order to cancel your reservation.<\/p>\t\t<\/div>\r\n\r\n\t\t\t\t\t\t<\/div>\r\n\t\t\t\t<\/div>\r\n\t\t\t\t\t<\/div>\r\n\t\t<\/div>\r\n\t\t\t\t<div class=\"elementor-column elementor-col-100 elementor-top-column elementor-element elementor-element-c677ab7\" data-id=\"c677ab7\" data-element_type=\"column\">\r\n\t\t\t<div class=\"elementor-widget-wrap elementor-element-populated\">\r\n\t\t\t\t\t\t<div class=\"elementor-element elementor-element-b1ae394 elementor-widget elementor-widget-hub_fancy_heading\" data-id=\"b1ae394\" data-element_type=\"widget\" data-widget_type=\"hub_fancy_heading.default\">\r\n\t\t\t\t<div class=\"elementor-widget-container\">\r\n\t\t\t\t\t\r\n\t\t<div id=\"ld-fancy-heading-6a086231f2ad4\" class=\"ld-fancy-heading pos-rel\">\r\n\t\t\t<h2 class=\"ld-fh-element d-inline-block pos-rel  elementor-heading-title lqd-highlight-classic lqd-highlight-grow-left h2\"  > Our cancellation policy is as follows<\/h2>\t\t<\/div>\r\n\r\n\t\t\t\t\t\t<\/div>\r\n\t\t\t\t<\/div>\r\n\t\t\t\t<div class=\"elementor-element elementor-element-b0d7702 elementor-widget elementor-widget-hub_fancy_heading\" data-id=\"b0d7702\" data-element_type=\"widget\" data-widget_type=\"hub_fancy_heading.default\">\r\n\t\t\t\t<div class=\"elementor-widget-container\">\r\n\t\t\t\t\t\r\n\t\t<div id=\"ld-fancy-heading-6a086231f2cd2\" class=\"ld-fancy-heading pos-rel\">\r\n\t\t\t<p class=\"ld-fh-element d-inline-block pos-rel  lqd-highlight-classic lqd-highlight-grow-left p\"  > Non-refundable cancellation policy: In case of cancellation for any reason, no fees will be refunded by <b>POETICSTAY<\/b>.<br>\nFlexible cancellation policy: If you need more flexibility or are concerned that circumstances may prevent you from traveling, we have also established a flexible cancellation policy, which you can add to your reservation at the time of payment. It's also a good option if you prefer not to purchase comprehensive travel insurance. Our flexible policy allows you to cancel or modify your reservation free of charge up to 7 days before your arrival. After this deadline, the full amount of the reservation is due and must be paid and will be automatically charged. Unfortunately, you will not be entitled to a refund.<\/p>\t\t<\/div>\r\n\r\n\t\t\t\t\t\t<\/div>\r\n\t\t\t\t<\/div>\r\n\t\t\t\t\t<\/div>\r\n\t\t<\/div>\r\n\t\t\t\t<div class=\"elementor-column elementor-col-100 elementor-top-column elementor-element elementor-element-ad7eb99\" data-id=\"ad7eb99\" data-element_type=\"column\">\r\n\t\t\t<div class=\"elementor-widget-wrap elementor-element-populated\">\r\n\t\t\t\t\t\t<div class=\"elementor-element elementor-element-343a44c elementor-widget elementor-widget-hub_fancy_heading\" data-id=\"343a44c\" data-element_type=\"widget\" data-widget_type=\"hub_fancy_heading.default\">\r\n\t\t\t\t<div class=\"elementor-widget-container\">\r\n\t\t\t\t\t\r\n\t\t<div id=\"ld-fancy-heading-6a086231f2eed\" class=\"ld-fancy-heading pos-rel\">\r\n\t\t\t<h2 class=\"ld-fh-element d-inline-block pos-rel  elementor-heading-title lqd-highlight-classic lqd-highlight-grow-left h2\"  > cancellation by PoeticStay<\/h2>\t\t<\/div>\r\n\r\n\t\t\t\t\t\t<\/div>\r\n\t\t\t\t<\/div>\r\n\t\t\t\t<div class=\"elementor-element elementor-element-bddf3d9 elementor-widget elementor-widget-hub_fancy_heading\" data-id=\"bddf3d9\" data-element_type=\"widget\" data-widget_type=\"hub_fancy_heading.default\">\r\n\t\t\t\t<div class=\"elementor-widget-container\">\r\n\t\t\t\t\t\r\n\t\t<div id=\"ld-fancy-heading-6a086231f30c8\" class=\"ld-fancy-heading pos-rel\">\r\n\t\t\t<p class=\"ld-fh-element d-inline-block pos-rel  lqd-highlight-classic lqd-highlight-grow-left p\"  > If we were to be required to cancel your reservation for any reason, including but not limited to the unavailability of an apartment or a change in health conditions, we will inform you as soon as possible and offer you an equivalent stay or a change of dates, free of charge. If no satisfactory alternative is possible, we will refund your reservation in full.<\/p>\t\t<\/div>\r\n\r\n\t\t\t\t\t\t<\/div>\r\n\t\t\t\t<\/div>\r\n\t\t\t\t<div class=\"elementor-element elementor-element-4622c3b elementor-widget elementor-widget-hub_fancy_heading\" data-id=\"4622c3b\" data-element_type=\"widget\" data-widget_type=\"hub_fancy_heading.default\">\r\n\t\t\t\t<div class=\"elementor-widget-container\">\r\n\t\t\t\t\t\r\n\t\t<div id=\"ld-fancy-heading-6a086231f32c0\" class=\"ld-fancy-heading pos-rel\">\r\n\t\t\t<h2 class=\"ld-fh-element d-inline-block pos-rel  elementor-heading-title lqd-highlight-classic lqd-highlight-grow-left h2\"  > Travel Credits<\/h2>\t\t<\/div>\r\n\r\n\t\t\t\t\t\t<\/div>\r\n\t\t\t\t<\/div>\r\n\t\t\t\t<div class=\"elementor-element elementor-element-9b410f1 elementor-widget elementor-widget-hub_fancy_heading\" data-id=\"9b410f1\" data-element_type=\"widget\" data-widget_type=\"hub_fancy_heading.default\">\r\n\t\t\t\t<div class=\"elementor-widget-container\">\r\n\t\t\t\t\t\r\n\t\t<div id=\"ld-fancy-heading-6a086231f349f\" class=\"ld-fancy-heading pos-rel\">\r\n\t\t\t<p class=\"ld-fh-element d-inline-block pos-rel  lqd-highlight-classic lqd-highlight-grow-left p\"  > <b>POETICSTAY<\/b> Travel Credits are issued only in exceptional circumstances and are handled on a case-by-case basis, at the discretion of <b>POETICSTAY<\/b>. They allow customers to book a stay in one of our Apartments at a later date than the original trip. In the event of cancellation of a reservation made using travel credits, no refund or rescheduling will be granted. All <b>POETICSTAY<\/b> Travel Credits are valid for a period of six (6) months. Travel credits can only be transferred to individuals aged 18 or older.<\/p>\t\t<\/div>\r\n\r\n\t\t\t\t\t\t<\/div>\r\n\t\t\t\t<\/div>\r\n\t\t\t\t<div class=\"elementor-element elementor-element-f3b0084 elementor-widget elementor-widget-hub_fancy_heading\" data-id=\"f3b0084\" data-element_type=\"widget\" data-widget_type=\"hub_fancy_heading.default\">\r\n\t\t\t\t<div class=\"elementor-widget-container\">\r\n\t\t\t\t\t\r\n\t\t<div id=\"ld-fancy-heading-6a086231f36c5\" class=\"ld-fancy-heading pos-rel\">\r\n\t\t\t<h2 class=\"ld-fh-element d-inline-block pos-rel  elementor-heading-title lqd-highlight-classic lqd-highlight-grow-left h2\"  > travel Insurance<\/h2>\t\t<\/div>\r\n\r\n\t\t\t\t\t\t<\/div>\r\n\t\t\t\t<\/div>\r\n\t\t\t\t<div class=\"elementor-element elementor-element-912d75a elementor-widget elementor-widget-hub_fancy_heading\" data-id=\"912d75a\" data-element_type=\"widget\" data-widget_type=\"hub_fancy_heading.default\">\r\n\t\t\t\t<div class=\"elementor-widget-container\">\r\n\t\t\t\t\t\r\n\t\t<div id=\"ld-fancy-heading-6a086231f38b6\" class=\"ld-fancy-heading pos-rel\">\r\n\t\t\t<p class=\"ld-fh-element d-inline-block pos-rel  lqd-highlight-classic lqd-highlight-grow-left p\"  > We strongly advise all our customers to purchase comprehensive travel insurance covering all unforeseen circumstances that may disrupt their trip. <b>POETICSTAY<\/b> does not offer insurance directly, but feel free to contact us if you need a travel receipt to file a claim with your insurer.<\/p>\t\t<\/div>\r\n\r\n\t\t\t\t\t\t<\/div>\r\n\t\t\t\t<\/div>\r\n\t\t\t\t<div class=\"elementor-element elementor-element-a952f43 elementor-widget elementor-widget-hub_fancy_heading\" data-id=\"a952f43\" data-element_type=\"widget\" data-widget_type=\"hub_fancy_heading.default\">\r\n\t\t\t\t<div class=\"elementor-widget-container\">\r\n\t\t\t\t\t\r\n\t\t<div id=\"ld-fancy-heading-6a086231f3ab3\" class=\"ld-fancy-heading pos-rel\">\r\n\t\t\t<h2 class=\"ld-fh-element d-inline-block pos-rel  elementor-heading-title lqd-highlight-classic lqd-highlight-grow-left h2\"  > Frequently Asked Questions (FAQs)<\/h2>\t\t<\/div>\r\n\r\n\t\t\t\t\t\t<\/div>\r\n\t\t\t\t<\/div>\r\n\t\t\t\t<div class=\"elementor-element elementor-element-d09d090 elementor-widget elementor-widget-hub_fancy_heading\" data-id=\"d09d090\" data-element_type=\"widget\" data-widget_type=\"hub_fancy_heading.default\">\r\n\t\t\t\t<div class=\"elementor-widget-container\">\r\n\t\t\t\t\t\r\n\t\t<div id=\"ld-fancy-heading-6a086231f3c90\" class=\"ld-fancy-heading pos-rel\">\r\n\t\t\t<p class=\"ld-fh-element d-inline-block pos-rel  lqd-highlight-classic lqd-highlight-grow-left p\"  > If you have any questions, we invite you to visit our <a href=\"\/faq\">Frequently Asked Questions (FAQ)<\/a>.<\/p>\t\t<\/div>\r\n\r\n\t\t\t\t\t\t<\/div>\r\n\t\t\t\t<\/div>\r\n\t\t\t\t\t<\/div>\r\n\t\t<\/div>\r\n\t\t\t\t\t<\/div>\r\n\t\t<\/section>\r\n\t\t\t\t<\/div>\r\n\t\t","protected":false},"excerpt":{"rendered":"<p>CONDITIONS cancellation and refund This page summarizes PoeticStay&#8217;s cancellation and refund policy. Peace of mind We have implemented a series of measures to reassure you when booking with us, so you can focus on your vacation. If an unforeseen event occurs, we make every effort to help you cancel your trip under the best possible [&hellip;]<\/p>\n","protected":false},"author":1,"featured_media":0,"parent":0,"menu_order":0,"comment_status":"closed","ping_status":"closed","template":"elementor_header_footer","meta":{"_acf_changed":false,"inline_featured_image":false,"footnotes":""},"class_list":["post-13713","page","type-page","status-publish","hentry"],"acf":[],"yoast_head":"<!-- This site is optimized with the Yoast SEO plugin v26.4 - https:\/\/yoast.com\/wordpress\/plugins\/seo\/ -->\n<title>Cancellation and refund<\/title>\n<meta name=\"description\" content=\"Discover our cancellation and refund policy for your stay in Paris in our hotel suites. - PoeticStay\" \/>\n<meta name=\"robots\" content=\"index, follow, max-snippet:-1, max-image-preview:large, max-video-preview:-1\" \/>\n<link rel=\"canonical\" href=\"https:\/\/poeticstay.com\/en\/cancellation-and-refund\/\" \/>\n<meta property=\"og:locale\" content=\"en_US\" \/>\n<meta property=\"og:type\" content=\"article\" \/>\n<meta property=\"og:title\" content=\"Cancellation and refund\" \/>\n<meta property=\"og:description\" content=\"Discover our cancellation and refund policy for your stay in Paris in our hotel suites. - PoeticStay\" \/>\n<meta property=\"og:url\" content=\"https:\/\/poeticstay.com\/en\/cancellation-and-refund\/\" \/>\n<meta property=\"og:site_name\" content=\"PoeticStay\" \/>\n<meta property=\"article:modified_time\" content=\"2024-04-10T14:58:21+00:00\" \/>\n<meta name=\"twitter:card\" content=\"summary_large_image\" \/>\n<meta name=\"twitter:label1\" content=\"Est. reading time\" \/>\n\t<meta name=\"twitter:data1\" content=\"3 minutes\" \/>\n<script type=\"application\/ld+json\" class=\"yoast-schema-graph\">{\"@context\":\"https:\/\/schema.org\",\"@graph\":[{\"@type\":\"WebPage\",\"@id\":\"https:\/\/poeticstay.com\/en\/cancellation-and-refund\/\",\"url\":\"https:\/\/poeticstay.com\/en\/cancellation-and-refund\/\",\"name\":\"Cancellation and refund\",\"isPartOf\":{\"@id\":\"https:\/\/poeticstay.com\/en\/#website\"},\"datePublished\":\"2023-06-28T13:26:13+00:00\",\"dateModified\":\"2024-04-10T14:58:21+00:00\",\"description\":\"Discover our cancellation and refund policy for your stay in Paris in our hotel suites. - PoeticStay\",\"breadcrumb\":{\"@id\":\"https:\/\/poeticstay.com\/en\/cancellation-and-refund\/#breadcrumb\"},\"inLanguage\":\"en-US\",\"potentialAction\":[{\"@type\":\"ReadAction\",\"target\":[\"https:\/\/poeticstay.com\/en\/cancellation-and-refund\/\"]}]},{\"@type\":\"BreadcrumbList\",\"@id\":\"https:\/\/poeticstay.com\/en\/cancellation-and-refund\/#breadcrumb\",\"itemListElement\":[{\"@type\":\"ListItem\",\"position\":1,\"name\":\"Accueil\",\"item\":\"https:\/\/poeticstay.com\/en\/home-2\/\"},{\"@type\":\"ListItem\",\"position\":2,\"name\":\"Cancellation and refund\"}]},{\"@type\":\"WebSite\",\"@id\":\"https:\/\/poeticstay.com\/en\/#website\",\"url\":\"https:\/\/poeticstay.com\/en\/\",\"name\":\"PoeticStay\",\"description\":\"R\u00e9sidences h\u00f4teli\u00e8res de caract\u00e8re\",\"publisher\":{\"@id\":\"https:\/\/poeticstay.com\/en\/#organization\"},\"potentialAction\":[{\"@type\":\"SearchAction\",\"target\":{\"@type\":\"EntryPoint\",\"urlTemplate\":\"https:\/\/poeticstay.com\/en\/?s={search_term_string}\"},\"query-input\":{\"@type\":\"PropertyValueSpecification\",\"valueRequired\":true,\"valueName\":\"search_term_string\"}}],\"inLanguage\":\"en-US\"},{\"@type\":\"Organization\",\"@id\":\"https:\/\/poeticstay.com\/en\/#organization\",\"name\":\"PoeticStay\",\"url\":\"https:\/\/poeticstay.com\/en\/\",\"logo\":{\"@type\":\"ImageObject\",\"inLanguage\":\"en-US\",\"@id\":\"https:\/\/poeticstay.com\/en\/#\/schema\/logo\/image\/\",\"url\":\"https:\/\/poeticstay.com\/wp-content\/uploads\/2023\/08\/Logo-mail-1.png\",\"contentUrl\":\"https:\/\/poeticstay.com\/wp-content\/uploads\/2023\/08\/Logo-mail-1.png\",\"width\":1131,\"height\":160,\"caption\":\"PoeticStay\"},\"image\":{\"@id\":\"https:\/\/poeticstay.com\/en\/#\/schema\/logo\/image\/\"}}]}<\/script>\n<!-- \/ Yoast SEO plugin. -->","yoast_head_json":{"title":"Cancellation and refund","description":"Discover our cancellation and refund policy for your stay in Paris in our hotel suites. - PoeticStay","robots":{"index":"index","follow":"follow","max-snippet":"max-snippet:-1","max-image-preview":"max-image-preview:large","max-video-preview":"max-video-preview:-1"},"canonical":"https:\/\/poeticstay.com\/en\/cancellation-and-refund\/","og_locale":"en_US","og_type":"article","og_title":"Cancellation and refund","og_description":"Discover our cancellation and refund policy for your stay in Paris in our hotel suites. - PoeticStay","og_url":"https:\/\/poeticstay.com\/en\/cancellation-and-refund\/","og_site_name":"PoeticStay","article_modified_time":"2024-04-10T14:58:21+00:00","twitter_card":"summary_large_image","twitter_misc":{"Est. reading time":"3 minutes"},"schema":{"@context":"https:\/\/schema.org","@graph":[{"@type":"WebPage","@id":"https:\/\/poeticstay.com\/en\/cancellation-and-refund\/","url":"https:\/\/poeticstay.com\/en\/cancellation-and-refund\/","name":"Cancellation and refund","isPartOf":{"@id":"https:\/\/poeticstay.com\/en\/#website"},"datePublished":"2023-06-28T13:26:13+00:00","dateModified":"2024-04-10T14:58:21+00:00","description":"Discover our cancellation and refund policy for your stay in Paris in our hotel suites. - PoeticStay","breadcrumb":{"@id":"https:\/\/poeticstay.com\/en\/cancellation-and-refund\/#breadcrumb"},"inLanguage":"en-US","potentialAction":[{"@type":"ReadAction","target":["https:\/\/poeticstay.com\/en\/cancellation-and-refund\/"]}]},{"@type":"BreadcrumbList","@id":"https:\/\/poeticstay.com\/en\/cancellation-and-refund\/#breadcrumb","itemListElement":[{"@type":"ListItem","position":1,"name":"Accueil","item":"https:\/\/poeticstay.com\/en\/home-2\/"},{"@type":"ListItem","position":2,"name":"Cancellation and refund"}]},{"@type":"WebSite","@id":"https:\/\/poeticstay.com\/en\/#website","url":"https:\/\/poeticstay.com\/en\/","name":"PoeticStay","description":"R\u00e9sidences h\u00f4teli\u00e8res de caract\u00e8re","publisher":{"@id":"https:\/\/poeticstay.com\/en\/#organization"},"potentialAction":[{"@type":"SearchAction","target":{"@type":"EntryPoint","urlTemplate":"https:\/\/poeticstay.com\/en\/?s={search_term_string}"},"query-input":{"@type":"PropertyValueSpecification","valueRequired":true,"valueName":"search_term_string"}}],"inLanguage":"en-US"},{"@type":"Organization","@id":"https:\/\/poeticstay.com\/en\/#organization","name":"PoeticStay","url":"https:\/\/poeticstay.com\/en\/","logo":{"@type":"ImageObject","inLanguage":"en-US","@id":"https:\/\/poeticstay.com\/en\/#\/schema\/logo\/image\/","url":"https:\/\/poeticstay.com\/wp-content\/uploads\/2023\/08\/Logo-mail-1.png","contentUrl":"https:\/\/poeticstay.com\/wp-content\/uploads\/2023\/08\/Logo-mail-1.png","width":1131,"height":160,"caption":"PoeticStay"},"image":{"@id":"https:\/\/poeticstay.com\/en\/#\/schema\/logo\/image\/"}}]}},"_links":{"self":[{"href":"https:\/\/poeticstay.com\/en\/wp-json\/wp\/v2\/pages\/13713","targetHints":{"allow":["GET"]}}],"collection":[{"href":"https:\/\/poeticstay.com\/en\/wp-json\/wp\/v2\/pages"}],"about":[{"href":"https:\/\/poeticstay.com\/en\/wp-json\/wp\/v2\/types\/page"}],"author":[{"embeddable":true,"href":"https:\/\/poeticstay.com\/en\/wp-json\/wp\/v2\/users\/1"}],"replies":[{"embeddable":true,"href":"https:\/\/poeticstay.com\/en\/wp-json\/wp\/v2\/comments?post=13713"}],"version-history":[{"count":0,"href":"https:\/\/poeticstay.com\/en\/wp-json\/wp\/v2\/pages\/13713\/revisions"}],"wp:attachment":[{"href":"https:\/\/poeticstay.com\/en\/wp-json\/wp\/v2\/media?parent=13713"}],"curies":[{"name":"wp","href":"https:\/\/api.w.org\/{rel}","templated":true}]}}